{"id":1745,"date":"2024-12-31T12:16:06","date_gmt":"2024-12-31T12:16:06","guid":{"rendered":"http:\/\/www.cekarentacar.com\/?page_id=1745"},"modified":"2025-01-21T16:04:50","modified_gmt":"2025-01-21T16:04:50","slug":"orta-araclar1","status":"publish","type":"page","link":"https:\/\/www.cekarentacar.com\/?page_id=1745","title":{"rendered":"ORTA SINIF ARA\u00c7LAR"},"content":{"rendered":"<div class=\"wpb-content-wrapper\"><p>[vc_row gap=&#8221;1&#8243; inverse=&#8221;&#8221;][vc_column parallax=&#8221;content-moving-fade&#8221;][vc_btn title=&#8221;L\u00dcKS SINIF ARA\u00c7LAR&#8221; style=&#8221;classic&#8221; color=&#8221;danger&#8221; css=&#8221;.vc_custom_1736002497639{padding-right: 20px !important;}&#8221; link=&#8221;url:http%3A%2F%2Fwww.cekarentacar.com%2F%3Fpage_id%3D1864|title:LUKS%20SINIF%20ARA%C3%87LAR!&#8221;][vc_btn title=&#8221;ORTA SINIF ARA\u00c7LAR&#8221; color=&#8221;danger&#8221; css=&#8221;.vc_custom_1736002522207{padding-right: 20px !important;}&#8221; link=&#8221;url:http%3A%2F%2Fwww.cekarentacar.com%2F%3Fpage_id%3D1745|title:Orta%20Ara%C3%A7lar1&#8243;][vc_btn title=&#8221;EKONOM\u0130K ARA\u00c7LAR&#8221; style=&#8221;classic&#8221; color=&#8221;danger&#8221; css=&#8221;&#8221; link=&#8221;url:http%3A%2F%2Fwww.cekarentacar.com%2F%3Fpage_id%3D1747|title:L%C3%9CKS%20ARA%C3%87LAR1&#8243;][\/vc_column][\/vc_row][vc_row][vc_column css=&#8221;.vc_custom_1735641881619{margin-top: -150px !important;}&#8221;][vc_separator css=&#8221;.vc_custom_1735998209045{margin-bottom: 220px !important;}&#8221;]<div id=\"sc_blogger_18680697\" class=\"sc_blogger layout_caristp_4 template_caristp margin_top_small margin_bottom_huge  sc_blogger_horizontal no_description\"><h2 class=\"sc_blogger_title sc_item_title sc_item_title_without_descr\">ARA\u00c7LARIMIZ<\/h2><div class=\"isotope_filters\"><\/div><div class=\"isotope_wrap\" data-columns=\"4\">\t\t<div class=\"isotope_item isotope_item_caristp isotope_item_caristp_4 isotope_column_4\t\t\t\t\t\">\n\t\t\t<div class=\"post_item post_item_caristp post_item_caristp_4\t\t\t\t  post_format_standard odd\">\n\t\t\t\t\n\t\t\t\t\t\t\t\t\t<div class=\"post_featured\">\n\t\t\t\t\t\t\t<div class=\"post_thumb\" data-image=\"https:\/\/www.cekarentacar.com\/wp-content\/uploads\/2024\/12\/leon.png\" data-title=\"Seat Leon FR\">\n\t<a class=\"hover_icon hover_icon_link\" href=\"https:\/\/www.cekarentacar.com\/?cars=seat-leon\"><img loading=\"lazy\" decoding=\"async\" class=\"wp-post-image\" width=\"370\" height=\"192\" alt=\"Seat Leon FR\" src=\"https:\/\/www.cekarentacar.com\/wp-content\/uploads\/2024\/12\/leon-370x192.png\"><\/a>\t<\/div>\n\t\t\t\t\t\t<\/div>\n\t\t\t\t\n\t\t\t\t<div class=\"post_content isotope_item_content\">\n\n\t\t\t\t\t\t\t\t\t\t\t<div class=\"sc_cars_item_info\">\n\t\t\t\t\t\t\t<div class=\"main_info\">\n\t\t\t\t\t\t\t\t<h4 class=\"car_title\"><a href=\"https:\/\/www.cekarentacar.com\/?cars=seat-leon\">Seat Leon FR<\/a><\/h4>\t\t\t\t\t\t\t\t\t\t\t\t\t\t\t\t<h6 class=\"car_classification\">Hatchback<\/h6>\n\t\t\t\t\t\t\t\t\t\t\t\t\t\t\t<\/div>\n\t\t\t\t\t\t\t\t\t\t\t\t\t\t<div class=\"car_price icon-tag-1\"><span>1.200 \u20ba<\/span><\/div>\n\t\t\t\t\t\t\t\t\t\t\t\t\t\t<div class=\"car_meta\"><div>2016 Model ve \u00fczeri<\/div><div>Automatic<\/div><\/div>\t\t\t\t\t\t<\/div>\n\t\t\t\t\t\t\n\t\t\t\t<\/div>\t\t\t\t<!-- \/.post_content -->\n\t\t\t<\/div>\t<!-- \/.post_item -->\n\t\t<\/div>\t\t\t\t\t\t<!-- \/.isotope_item -->\n\t\t\t\t<div class=\"isotope_item isotope_item_caristp isotope_item_caristp_4 isotope_column_4\t\t\t\t\t\">\n\t\t\t<div class=\"post_item post_item_caristp post_item_caristp_4\t\t\t\t  post_format_standard even\">\n\t\t\t\t\n\t\t\t\t\t\t\t\t\t<div class=\"post_featured\">\n\t\t\t\t\t\t\t<div class=\"post_thumb\" data-image=\"https:\/\/www.cekarentacar.com\/wp-content\/uploads\/2024\/12\/megane-1.png\" data-title=\"Renault Megane 4\">\n\t<a class=\"hover_icon hover_icon_link\" href=\"https:\/\/www.cekarentacar.com\/?cars=renault-megane-4\"><img loading=\"lazy\" decoding=\"async\" class=\"wp-post-image\" width=\"370\" height=\"192\" alt=\"Renault Megane 4\" src=\"https:\/\/www.cekarentacar.com\/wp-content\/uploads\/2024\/12\/megane-1-370x192.png\"><\/a>\t<\/div>\n\t\t\t\t\t\t<\/div>\n\t\t\t\t\n\t\t\t\t<div class=\"post_content isotope_item_content\">\n\n\t\t\t\t\t\t\t\t\t\t\t<div class=\"sc_cars_item_info\">\n\t\t\t\t\t\t\t<div class=\"main_info\">\n\t\t\t\t\t\t\t\t<h4 class=\"car_title\"><a href=\"https:\/\/www.cekarentacar.com\/?cars=renault-megane-4\">Renault Megane 4<\/a><\/h4>\t\t\t\t\t\t\t\t\t\t\t\t\t\t\t\t<h6 class=\"car_classification\">Sedan<\/h6>\n\t\t\t\t\t\t\t\t\t\t\t\t\t\t\t<\/div>\n\t\t\t\t\t\t\t\t\t\t\t\t\t\t<div class=\"car_price icon-tag-1\"><span>850 \u20ba<\/span><\/div>\n\t\t\t\t\t\t\t\t\t\t\t\t\t\t<div class=\"car_meta\"><div>2017 Model ve \u00fczeri<\/div><div>Automatic<\/div><\/div>\t\t\t\t\t\t<\/div>\n\t\t\t\t\t\t\n\t\t\t\t<\/div>\t\t\t\t<!-- \/.post_content -->\n\t\t\t<\/div>\t<!-- \/.post_item -->\n\t\t<\/div>\t\t\t\t\t\t<!-- \/.isotope_item -->\n\t\t\t\t<div class=\"isotope_item isotope_item_caristp isotope_item_caristp_4 isotope_column_4\t\t\t\t\t\">\n\t\t\t<div class=\"post_item post_item_caristp post_item_caristp_4\t\t\t\t  post_format_standard odd\">\n\t\t\t\t\n\t\t\t\t\t\t\t\t\t<div class=\"post_featured\">\n\t\t\t\t\t\t\t<div class=\"post_thumb\" data-image=\"https:\/\/www.cekarentacar.com\/wp-content\/uploads\/2016\/09\/focus2-1.png\" data-title=\"Ford Focus\">\n\t<a class=\"hover_icon hover_icon_link\" href=\"https:\/\/www.cekarentacar.com\/?cars=honda-civic\"><img loading=\"lazy\" decoding=\"async\" class=\"wp-post-image\" width=\"370\" height=\"192\" alt=\"Ford Focus\" src=\"https:\/\/www.cekarentacar.com\/wp-content\/uploads\/2016\/09\/focus2-1-370x192.png\"><\/a>\t<\/div>\n\t\t\t\t\t\t<\/div>\n\t\t\t\t\n\t\t\t\t<div class=\"post_content isotope_item_content\">\n\n\t\t\t\t\t\t\t\t\t\t\t<div class=\"sc_cars_item_info\">\n\t\t\t\t\t\t\t<div class=\"main_info\">\n\t\t\t\t\t\t\t\t<h4 class=\"car_title\"><a href=\"https:\/\/www.cekarentacar.com\/?cars=honda-civic\">Ford Focus<\/a><\/h4>\t\t\t\t\t\t\t\t\t\t\t\t\t\t\t\t<h6 class=\"car_classification\">Sedan<\/h6>\n\t\t\t\t\t\t\t\t\t\t\t\t\t\t\t<\/div>\n\t\t\t\t\t\t\t\t\t\t\t\t\t\t<div class=\"car_price icon-tag-1\"><span>950 \u20ba<\/span><\/div>\n\t\t\t\t\t\t\t\t\t\t\t\t\t\t<div class=\"car_meta\"><div>2017 Model ve \u00fczeri<\/div><div>Automatic<\/div><\/div>\t\t\t\t\t\t<\/div>\n\t\t\t\t\t\t\n\t\t\t\t<\/div>\t\t\t\t<!-- \/.post_content -->\n\t\t\t<\/div>\t<!-- \/.post_item -->\n\t\t<\/div>\t\t\t\t\t\t<!-- \/.isotope_item -->\n\t\t\t\t<div class=\"isotope_item isotope_item_caristp isotope_item_caristp_4 isotope_column_4\t\t\t\t\t\">\n\t\t\t<div class=\"post_item post_item_caristp post_item_caristp_4\t\t\t\t  post_format_standard even\">\n\t\t\t\t\n\t\t\t\t\t\t\t\t\t<div class=\"post_featured\">\n\t\t\t\t\t\t\t<div class=\"post_thumb\" data-image=\"https:\/\/www.cekarentacar.com\/wp-content\/uploads\/2024\/12\/bmw-2107-laci.png\" data-title=\"BMW 320i\">\n\t<a class=\"hover_icon hover_icon_link\" href=\"https:\/\/www.cekarentacar.com\/?cars=1393\"><img loading=\"lazy\" decoding=\"async\" class=\"wp-post-image\" width=\"370\" height=\"192\" alt=\"BMW 320i\" src=\"https:\/\/www.cekarentacar.com\/wp-content\/uploads\/2024\/12\/bmw-2107-laci-370x192.png\"><\/a>\t<\/div>\n\t\t\t\t\t\t<\/div>\n\t\t\t\t\n\t\t\t\t<div class=\"post_content isotope_item_content\">\n\n\t\t\t\t\t\t\t\t\t\t\t<div class=\"sc_cars_item_info\">\n\t\t\t\t\t\t\t<div class=\"main_info\">\n\t\t\t\t\t\t\t\t<h4 class=\"car_title\"><a href=\"https:\/\/www.cekarentacar.com\/?cars=1393\">BMW 320i<\/a><\/h4>\t\t\t\t\t\t\t\t\t\t\t\t\t\t\t\t<h6 class=\"car_classification\">Sedan<\/h6>\n\t\t\t\t\t\t\t\t\t\t\t\t\t\t\t<\/div>\n\t\t\t\t\t\t\t\t\t\t\t\t\t\t<div class=\"car_price icon-tag-1\"><span>1.500 \u20ba<\/span><\/div>\n\t\t\t\t\t\t\t\t\t\t\t\t\t\t<div class=\"car_meta\"><div>2015 Model ve \u00fczeri<\/div><div>Semi-automatic<\/div><\/div>\t\t\t\t\t\t<\/div>\n\t\t\t\t\t\t\n\t\t\t\t<\/div>\t\t\t\t<!-- \/.post_content -->\n\t\t\t<\/div>\t<!-- \/.post_item -->\n\t\t<\/div>\t\t\t\t\t\t<!-- \/.isotope_item -->\n\t\t\t\t<div class=\"isotope_item isotope_item_caristp isotope_item_caristp_4 isotope_column_4\t\t\t\t\t\">\n\t\t\t<div class=\"post_item post_item_caristp post_item_caristp_4\t\t\t\t  post_format_standard odd\">\n\t\t\t\t\n\t\t\t\t\t\t\t\t\t<div class=\"post_featured\">\n\t\t\t\t\t\t\t<div class=\"post_thumb\" data-image=\"https:\/\/www.cekarentacar.com\/wp-content\/uploads\/2024\/12\/a33333.png\" data-title=\"AUDI A3\">\n\t<a class=\"hover_icon hover_icon_link\" href=\"https:\/\/www.cekarentacar.com\/?cars=audi-a2\"><img loading=\"lazy\" decoding=\"async\" class=\"wp-post-image\" width=\"370\" height=\"192\" alt=\"AUDI A3\" src=\"https:\/\/www.cekarentacar.com\/wp-content\/uploads\/2024\/12\/a33333-370x192.png\"><\/a>\t<\/div>\n\t\t\t\t\t\t<\/div>\n\t\t\t\t\n\t\t\t\t<div class=\"post_content isotope_item_content\">\n\n\t\t\t\t\t\t\t\t\t\t\t<div class=\"sc_cars_item_info\">\n\t\t\t\t\t\t\t<div class=\"main_info\">\n\t\t\t\t\t\t\t\t<h4 class=\"car_title\"><a href=\"https:\/\/www.cekarentacar.com\/?cars=audi-a2\">AUDI A3<\/a><\/h4>\t\t\t\t\t\t\t\t\t\t\t\t\t\t\t\t<h6 class=\"car_classification\">Sedan<\/h6>\n\t\t\t\t\t\t\t\t\t\t\t\t\t\t\t<\/div>\n\t\t\t\t\t\t\t\t\t\t\t\t\t\t<div class=\"car_price icon-tag-1\"><span>1.000 \u20ba<\/span><\/div>\n\t\t\t\t\t\t\t\t\t\t\t\t\t\t<div class=\"car_meta\"><div>2017 Model ve \u00fczeri<\/div><div>Automatic<\/div><\/div>\t\t\t\t\t\t<\/div>\n\t\t\t\t\t\t\n\t\t\t\t<\/div>\t\t\t\t<!-- \/.post_content -->\n\t\t\t<\/div>\t<!-- \/.post_item -->\n\t\t<\/div>\t\t\t\t\t\t<!-- \/.isotope_item -->\n\t\t\t\t<div class=\"isotope_item isotope_item_caristp isotope_item_caristp_4 isotope_column_4\t\t\t\t\t\">\n\t\t\t<div class=\"post_item post_item_caristp post_item_caristp_4\t\t\t\t  post_format_standard even\">\n\t\t\t\t\n\t\t\t\t\t\t\t\t\t<div class=\"post_featured\">\n\t\t\t\t\t\t\t<div class=\"post_thumb\" data-image=\"https:\/\/www.cekarentacar.com\/wp-content\/uploads\/2024\/12\/auda320.png\" data-title=\"Audi A3\">\n\t<a class=\"hover_icon hover_icon_link\" href=\"https:\/\/www.cekarentacar.com\/?cars=orta-grup-arac\"><img loading=\"lazy\" decoding=\"async\" class=\"wp-post-image\" width=\"370\" height=\"192\" alt=\"Audi A3\" src=\"https:\/\/www.cekarentacar.com\/wp-content\/uploads\/2024\/12\/auda320-370x192.png\"><\/a>\t<\/div>\n\t\t\t\t\t\t<\/div>\n\t\t\t\t\n\t\t\t\t<div class=\"post_content isotope_item_content\">\n\n\t\t\t\t\t\t\t\t\t\t\t<div class=\"sc_cars_item_info\">\n\t\t\t\t\t\t\t<div class=\"main_info\">\n\t\t\t\t\t\t\t\t<h4 class=\"car_title\"><a href=\"https:\/\/www.cekarentacar.com\/?cars=orta-grup-arac\">Audi A3<\/a><\/h4>\t\t\t\t\t\t\t\t\t\t\t\t\t\t\t\t<h6 class=\"car_classification\">Sedan<\/h6>\n\t\t\t\t\t\t\t\t\t\t\t\t\t\t\t<\/div>\n\t\t\t\t\t\t\t\t\t\t\t\t\t\t<div class=\"car_price icon-tag-1\"><span>1.950 \u20ba<\/span><\/div>\n\t\t\t\t\t\t\t\t\t\t\t\t\t\t<div class=\"car_meta\"><div>2023<\/div><div>Semi-automatic<\/div><\/div>\t\t\t\t\t\t<\/div>\n\t\t\t\t\t\t\n\t\t\t\t<\/div>\t\t\t\t<!-- \/.post_content -->\n\t\t\t<\/div>\t<!-- \/.post_item -->\n\t\t<\/div>\t\t\t\t\t\t<!-- \/.isotope_item -->\n\t\t<\/div><div class=\"sc_blogger_button sc_item_button\"><a href=\"\/araclarimiz\/\" class=\"sc_button sc_button_square sc_button_style_filled sc_button_size_small sc_button_style_dark\">Learn more<\/a><\/div><\/div>[vc_empty_space height=&#8221;0.2em&#8221;][vc_column_text css=&#8221;&#8221;]<\/p>\r\n<h5 class=\"sc_title sc_title_regular margin_top_tiny margin_bottom_tiny\">ORTA SINIF ARA\u00c7LAR<\/h5>\r\n<div class=\"vc_empty_space\">Orta s\u0131n\u0131f ara\u00e7 kiralama, konforlu, ekonomik ve \u00e7ok y\u00f6nl\u00fc bir ula\u015f\u0131m \u00e7\u00f6z\u00fcm\u00fc sunar. Bu hizmet, hem bireysel hem de kurumsal m\u00fc\u015fteriler i\u00e7in g\u00fcnl\u00fck seyahatlerden i\u015f toplant\u0131lar\u0131na, tatillerden aile gezilerine kadar pek \u00e7ok ihtiyaca uygun ara\u00e7 se\u00e7enekleri sunmaktad\u0131r.<\/div>\r\n<div class=\"wpb_text_column wpb_content_element\">\r\n<div class=\"wpb_wrapper\">\r\n<p><strong>Orta S\u0131n\u0131f Ara\u00e7 Kiralaman\u0131n Avantajlar\u0131:<\/strong><br \/>Ekonomik \u00c7\u00f6z\u00fcmler: Orta s\u0131n\u0131f ara\u00e7lar, y\u00fcksek kaliteyi uygun fiyatlarla birle\u015ftirerek b\u00fct\u00e7enize dost bir se\u00e7enek sunar.<\/p>\r\n<p><strong>Konforlu Yolculuk:<\/strong> Modern donan\u0131mlara sahip orta s\u0131n\u0131f ara\u00e7lar, geni\u015f i\u00e7 mekan ve kullan\u0131c\u0131 dostu teknolojik \u00f6zellikleriyle konforlu bir s\u00fcr\u00fc\u015f deneyimi sa\u011flar.<\/p>\r\n<p><strong>\u00c7ok Y\u00f6nl\u00fcl\u00fck:<\/strong> \u015eehir i\u00e7i kullan\u0131mda kolayl\u0131k sa\u011flayan kompakt modellerden uzun yolculuklara uygun sedan ara\u00e7lara kadar geni\u015f bir yelpaze sunar.<\/p>\r\n<p><strong>Yak\u0131t Tasarrufu:<\/strong> \u00c7o\u011fu orta s\u0131n\u0131f ara\u00e7, d\u00fc\u015f\u00fck yak\u0131t t\u00fcketimi ve \u00e7evre dostu motor se\u00e7enekleriyle ekonomik bir kullan\u0131m sa\u011flar.<\/p>\r\n<p><strong>Hangi Ara\u00e7lar Kiralanabilir?<\/strong><br \/>Orta s\u0131n\u0131f ara\u00e7 kiralama se\u00e7enekleri aras\u0131nda, Renault, Volkswagen, Ford, Seat, AudiA3, Bmw 320i gibi markalar\u0131n sedan, hatchback ve SUV modelleri bulunur. Bu ara\u00e7lar, hem \u015fehir i\u00e7i hem de uzun yol kullan\u0131m\u0131 i\u00e7in idealdir.<\/p>\r\n<p><strong>Kimler Tercih Etmeli?<\/strong><br \/>B\u00fct\u00e7esini koruyarak konforlu bir s\u00fcr\u00fc\u015f deneyimi ya\u015famak isteyen bireyler<br \/>\u0130\u015f seyahatlerinde veya toplant\u0131larda g\u00fcvenilir bir ara\u00e7 ihtiyac\u0131 duyan profesyoneller<br \/>Aile tatilleri ve \u015fehirler aras\u0131 yolculuklar i\u00e7in pratik ve g\u00fcvenli bir se\u00e7enek arayanlar<br \/>G\u00fcnl\u00fck ihtiya\u00e7lar veya k\u0131sa s\u00fcreli ara\u00e7 ihtiyac\u0131 olan kullan\u0131c\u0131lar<br \/>Orta s\u0131n\u0131f ara\u00e7 kiralama, hem kalite hem de fiyat a\u00e7\u0131s\u0131ndan dengeli bir se\u00e7enek arayanlar i\u00e7in ideal bir \u00e7\u00f6z\u00fcmd\u00fcr. \u0130htiya\u00e7lar\u0131n\u0131za uygun arac\u0131 se\u00e7erek konforlu ve keyifli bir yolculuk deneyimi ya\u015fayabilirsiniz.<\/p>\r\n<\/div>\r\n<\/div>\r\n<p>\u00a0[\/vc_column_text][\/vc_column][\/vc_row][vc_row][vc_column][vc_btn title=&#8221;L\u00dcKS SINIF ARA\u00c7LAR&#8221; style=&#8221;outline-custom&#8221; outline_custom_color=&#8221;#DD3333&#8243; outline_custom_hover_background=&#8221;#DD3333&#8243; css=&#8221;.vc_custom_1736002712372{padding-right: 20px !important;}&#8221; link=&#8221;url:http%3A%2F%2Fwww.cekarentacar.com%2F%3Fpage_id%3D1725|title:L%C3%9CKS%20ARA%C3%87LAR1&#8243;][vc_btn title=&#8221;ORTA SINIF ARA\u00c7LAR&#8221; style=&#8221;outline-custom&#8221; outline_custom_color=&#8221;#F21515&#8243; outline_custom_hover_background=&#8221;#DD3333&#8243; outline_custom_hover_text=&#8221;#FFFFFF&#8221; css=&#8221;.vc_custom_1736002731154{padding-right: 20px !important;}&#8221; link=&#8221;url:http%3A%2F%2Fwww.cekarentacar.com%2F%3Fpage_id%3D1745|title:Orta%20Ara%C3%A7lar1&#8243;][vc_btn title=&#8221;EKONOM\u0130K SINIF ARA\u00c7LAR&#8221; style=&#8221;outline-custom&#8221; outline_custom_color=&#8221;#DD3333&#8243; outline_custom_hover_background=&#8221;#DD3333&#8243; css=&#8221;&#8221; link=&#8221;url:http%3A%2F%2Fwww.cekarentacar.com%2F%3Fpage_id%3D1747|title:Ekonomik%20ARA%C3%87LAR1&#8243;][\/vc_column][\/vc_row][vc_row][vc_column][vc_raw_html css=&#8221;&#8221;]JTNDc3R5bGUlM0Uuc2NfYmxvZ2dlcl9idXR0b24uc2NfaXRlbV9idXR0b24lMjAlN0IlMEElMjAlMjBkaXNwbGF5JTNBJTIwbm9uZSUzQiUwQSU3RCUzQyUyRnN0eWxlJTNF[\/vc_raw_html][\/vc_column][\/vc_row]<\/p><\/div>","protected":false},"excerpt":{"rendered":"<p>[vc_row gap=&#8221;1&#8243; inverse=&#8221;&#8221;][vc_column parallax=&#8221;content-moving-fade&#8221;][vc_btn title=&#8221;L\u00dcKS SINIF ARA\u00c7LAR&#8221; style=&#8221;classic&#8221; color=&#8221;danger&#8221; css=&#8221;.vc_custom_1736002497639{padding-right: 20px !important;}&#8221; link=&#8221;url:http%3A%2F%2Fwww.cekarentacar.com%2F%3Fpage_id%3D1864|title:LUKS%20SINIF%20ARA%C3%87LAR!&#8221;][vc_btn title=&#8221;ORTA SINIF ARA\u00c7LAR&#8221; color=&#8221;danger&#8221; css=&#8221;.vc_custom_1736002522207{padding-right: 20px !important;}&#8221; link=&#8221;url:http%3A%2F%2Fwww.cekarentacar.com%2F%3Fpage_id%3D1745|title:Orta%20Ara%C3%A7lar1&#8243;][vc_btn title=&#8221;EKONOM\u0130K ARA\u00c7LAR&#8221; style=&#8221;classic&#8221; color=&#8221;danger&#8221; css=&#8221;&#8221; link=&#8221;url:http%3A%2F%2Fwww.cekarentacar.com%2F%3Fpage_id%3D1747|title:L%C3%9CKS%20ARA%C3%87LAR1&#8243;][\/vc_column][\/vc_row][vc_row][vc_column css=&#8221;.vc_custom_1735641881619{margin-top: -150px !important;}&#8221;][vc_separator css=&#8221;.vc_custom_1735998209045{margin-bottom: 220px !important;}&#8221;][vc_empty_space height=&#8221;0.2em&#8221;][vc_column_text css=&#8221;&#8221;] ORTA SINIF ARA\u00c7LAR Orta s\u0131n\u0131f ara\u00e7 kiralama, konforlu, ekonomik ve \u00e7ok y\u00f6nl\u00fc bir ula\u015f\u0131m \u00e7\u00f6z\u00fcm\u00fc sunar. Bu hizmet, hem bireysel [&hellip;]<\/p>\n","protected":false},"author":1,"featured_media":0,"parent":0,"menu_order":0,"comment_status":"closed","ping_status":"closed","template":"","meta":{"footnotes":""},"class_list":["post-1745","page","type-page","status-publish","hentry"],"yoast_head":"<!-- This site is optimized with the Yoast SEO plugin v27.4 - https:\/\/yoast.com\/product\/yoast-seo-wordpress\/ -->\n<title>ORTA SINIF ARA\u00c7LAR - Ceka Rent a Car<\/title>\n<meta name=\"description\" content=\"Orta s\u0131n\u0131f ara\u00e7 kiralama, konforlu, ekonomik ve \u00e7ok y\u00f6nl\u00fc bir ula\u015f\u0131m \u00e7\u00f6z\u00fcm\u00fc sunar. Bu hizmet, hem bireysel hem de kurumsal m\u00fc\u015fteriler i\u00e7in g\u00fcnl\u00fck seyahatlerden i\u015f toplant\u0131lar\u0131na, tatillerden aile gezilerine kadar pek \u00e7ok ihtiyaca uygun ara\u00e7 se\u00e7enekleri sunmaktad\u0131r.\" \/>\n<meta name=\"robots\" content=\"index, follow, max-snippet:-1, max-image-preview:large, max-video-preview:-1\" \/>\n<link rel=\"canonical\" href=\"http:\/\/www.cekarentacar.com\/?page_id=1745\" \/>\n<meta property=\"og:locale\" content=\"tr_TR\" \/>\n<meta property=\"og:type\" content=\"article\" \/>\n<meta property=\"og:title\" content=\"ORTA SINIF ARA\u00c7LAR - Ceka Rent a Car\" \/>\n<meta property=\"og:description\" content=\"Orta s\u0131n\u0131f ara\u00e7 kiralama, konforlu, ekonomik ve \u00e7ok y\u00f6nl\u00fc bir ula\u015f\u0131m \u00e7\u00f6z\u00fcm\u00fc sunar. Bu hizmet, hem bireysel hem de kurumsal m\u00fc\u015fteriler i\u00e7in g\u00fcnl\u00fck seyahatlerden i\u015f toplant\u0131lar\u0131na, tatillerden aile gezilerine kadar pek \u00e7ok ihtiyaca uygun ara\u00e7 se\u00e7enekleri sunmaktad\u0131r.\" \/>\n<meta property=\"og:url\" content=\"http:\/\/www.cekarentacar.com\/?page_id=1745\" \/>\n<meta property=\"og:site_name\" content=\"Ceka Rent a Car\" \/>\n<meta property=\"article:modified_time\" content=\"2025-01-21T16:04:50+00:00\" \/>\n<meta name=\"twitter:card\" content=\"summary_large_image\" \/>\n<meta name=\"twitter:label1\" content=\"Tahmini okuma s\u00fcresi\" \/>\n\t<meta name=\"twitter:data1\" content=\"2 dakika\" \/>\n<script type=\"application\/ld+json\" class=\"yoast-schema-graph\">{\"@context\":\"https:\\\/\\\/schema.org\",\"@graph\":[{\"@type\":\"WebPage\",\"@id\":\"http:\\\/\\\/www.cekarentacar.com\\\/?page_id=1745\",\"url\":\"http:\\\/\\\/www.cekarentacar.com\\\/?page_id=1745\",\"name\":\"ORTA SINIF ARA\u00c7LAR - Ceka Rent a Car\",\"isPartOf\":{\"@id\":\"http:\\\/\\\/www.cekarentacar.com\\\/#website\"},\"datePublished\":\"2024-12-31T12:16:06+00:00\",\"dateModified\":\"2025-01-21T16:04:50+00:00\",\"description\":\"Orta s\u0131n\u0131f ara\u00e7 kiralama, konforlu, ekonomik ve \u00e7ok y\u00f6nl\u00fc bir ula\u015f\u0131m \u00e7\u00f6z\u00fcm\u00fc sunar. Bu hizmet, hem bireysel hem de kurumsal m\u00fc\u015fteriler i\u00e7in g\u00fcnl\u00fck seyahatlerden i\u015f toplant\u0131lar\u0131na, tatillerden aile gezilerine kadar pek \u00e7ok ihtiyaca uygun ara\u00e7 se\u00e7enekleri sunmaktad\u0131r.\",\"breadcrumb\":{\"@id\":\"http:\\\/\\\/www.cekarentacar.com\\\/?page_id=1745#breadcrumb\"},\"inLanguage\":\"tr\",\"potentialAction\":[{\"@type\":\"ReadAction\",\"target\":[\"http:\\\/\\\/www.cekarentacar.com\\\/?page_id=1745\"]}]},{\"@type\":\"BreadcrumbList\",\"@id\":\"http:\\\/\\\/www.cekarentacar.com\\\/?page_id=1745#breadcrumb\",\"itemListElement\":[{\"@type\":\"ListItem\",\"position\":1,\"name\":\"Anasayfa\",\"item\":\"https:\\\/\\\/www.cekarentacar.com\\\/\"},{\"@type\":\"ListItem\",\"position\":2,\"name\":\"ORTA SINIF ARA\u00c7LAR\"}]},{\"@type\":\"WebSite\",\"@id\":\"http:\\\/\\\/www.cekarentacar.com\\\/#website\",\"url\":\"http:\\\/\\\/www.cekarentacar.com\\\/\",\"name\":\"Ceka Rent a Car\",\"description\":\"\",\"publisher\":{\"@id\":\"http:\\\/\\\/www.cekarentacar.com\\\/#organization\"},\"potentialAction\":[{\"@type\":\"SearchAction\",\"target\":{\"@type\":\"EntryPoint\",\"urlTemplate\":\"http:\\\/\\\/www.cekarentacar.com\\\/?s={search_term_string}\"},\"query-input\":{\"@type\":\"PropertyValueSpecification\",\"valueRequired\":true,\"valueName\":\"search_term_string\"}}],\"inLanguage\":\"tr\"},{\"@type\":\"Organization\",\"@id\":\"http:\\\/\\\/www.cekarentacar.com\\\/#organization\",\"name\":\"Ceka Rent a Car\",\"url\":\"http:\\\/\\\/www.cekarentacar.com\\\/\",\"logo\":{\"@type\":\"ImageObject\",\"inLanguage\":\"tr\",\"@id\":\"http:\\\/\\\/www.cekarentacar.com\\\/#\\\/schema\\\/logo\\\/image\\\/\",\"url\":\"https:\\\/\\\/www.cekarentacar.com\\\/wp-content\\\/uploads\\\/2024\\\/12\\\/avatar.png\",\"contentUrl\":\"https:\\\/\\\/www.cekarentacar.com\\\/wp-content\\\/uploads\\\/2024\\\/12\\\/avatar.png\",\"width\":512,\"height\":512,\"caption\":\"Ceka Rent a Car\"},\"image\":{\"@id\":\"http:\\\/\\\/www.cekarentacar.com\\\/#\\\/schema\\\/logo\\\/image\\\/\"},\"sameAs\":[\"https:\\\/\\\/www.instagram.com\\\/stories\\\/cekarentacar\\\/\"]}]}<\/script>\n<!-- \/ Yoast SEO plugin. -->","yoast_head_json":{"title":"ORTA SINIF ARA\u00c7LAR - Ceka Rent a Car","description":"Orta s\u0131n\u0131f ara\u00e7 kiralama, konforlu, ekonomik ve \u00e7ok y\u00f6nl\u00fc bir ula\u015f\u0131m \u00e7\u00f6z\u00fcm\u00fc sunar. Bu hizmet, hem bireysel hem de kurumsal m\u00fc\u015fteriler i\u00e7in g\u00fcnl\u00fck seyahatlerden i\u015f toplant\u0131lar\u0131na, tatillerden aile gezilerine kadar pek \u00e7ok ihtiyaca uygun ara\u00e7 se\u00e7enekleri sunmaktad\u0131r.","robots":{"index":"index","follow":"follow","max-snippet":"max-snippet:-1","max-image-preview":"max-image-preview:large","max-video-preview":"max-video-preview:-1"},"canonical":"http:\/\/www.cekarentacar.com\/?page_id=1745","og_locale":"tr_TR","og_type":"article","og_title":"ORTA SINIF ARA\u00c7LAR - Ceka Rent a Car","og_description":"Orta s\u0131n\u0131f ara\u00e7 kiralama, konforlu, ekonomik ve \u00e7ok y\u00f6nl\u00fc bir ula\u015f\u0131m \u00e7\u00f6z\u00fcm\u00fc sunar. Bu hizmet, hem bireysel hem de kurumsal m\u00fc\u015fteriler i\u00e7in g\u00fcnl\u00fck seyahatlerden i\u015f toplant\u0131lar\u0131na, tatillerden aile gezilerine kadar pek \u00e7ok ihtiyaca uygun ara\u00e7 se\u00e7enekleri sunmaktad\u0131r.","og_url":"http:\/\/www.cekarentacar.com\/?page_id=1745","og_site_name":"Ceka Rent a Car","article_modified_time":"2025-01-21T16:04:50+00:00","twitter_card":"summary_large_image","twitter_misc":{"Tahmini okuma s\u00fcresi":"2 dakika"},"schema":{"@context":"https:\/\/schema.org","@graph":[{"@type":"WebPage","@id":"http:\/\/www.cekarentacar.com\/?page_id=1745","url":"http:\/\/www.cekarentacar.com\/?page_id=1745","name":"ORTA SINIF ARA\u00c7LAR - Ceka Rent a Car","isPartOf":{"@id":"http:\/\/www.cekarentacar.com\/#website"},"datePublished":"2024-12-31T12:16:06+00:00","dateModified":"2025-01-21T16:04:50+00:00","description":"Orta s\u0131n\u0131f ara\u00e7 kiralama, konforlu, ekonomik ve \u00e7ok y\u00f6nl\u00fc bir ula\u015f\u0131m \u00e7\u00f6z\u00fcm\u00fc sunar. Bu hizmet, hem bireysel hem de kurumsal m\u00fc\u015fteriler i\u00e7in g\u00fcnl\u00fck seyahatlerden i\u015f toplant\u0131lar\u0131na, tatillerden aile gezilerine kadar pek \u00e7ok ihtiyaca uygun ara\u00e7 se\u00e7enekleri sunmaktad\u0131r.","breadcrumb":{"@id":"http:\/\/www.cekarentacar.com\/?page_id=1745#breadcrumb"},"inLanguage":"tr","potentialAction":[{"@type":"ReadAction","target":["http:\/\/www.cekarentacar.com\/?page_id=1745"]}]},{"@type":"BreadcrumbList","@id":"http:\/\/www.cekarentacar.com\/?page_id=1745#breadcrumb","itemListElement":[{"@type":"ListItem","position":1,"name":"Anasayfa","item":"https:\/\/www.cekarentacar.com\/"},{"@type":"ListItem","position":2,"name":"ORTA SINIF ARA\u00c7LAR"}]},{"@type":"WebSite","@id":"http:\/\/www.cekarentacar.com\/#website","url":"http:\/\/www.cekarentacar.com\/","name":"Ceka Rent a Car","description":"","publisher":{"@id":"http:\/\/www.cekarentacar.com\/#organization"},"potentialAction":[{"@type":"SearchAction","target":{"@type":"EntryPoint","urlTemplate":"http:\/\/www.cekarentacar.com\/?s={search_term_string}"},"query-input":{"@type":"PropertyValueSpecification","valueRequired":true,"valueName":"search_term_string"}}],"inLanguage":"tr"},{"@type":"Organization","@id":"http:\/\/www.cekarentacar.com\/#organization","name":"Ceka Rent a Car","url":"http:\/\/www.cekarentacar.com\/","logo":{"@type":"ImageObject","inLanguage":"tr","@id":"http:\/\/www.cekarentacar.com\/#\/schema\/logo\/image\/","url":"https:\/\/www.cekarentacar.com\/wp-content\/uploads\/2024\/12\/avatar.png","contentUrl":"https:\/\/www.cekarentacar.com\/wp-content\/uploads\/2024\/12\/avatar.png","width":512,"height":512,"caption":"Ceka Rent a Car"},"image":{"@id":"http:\/\/www.cekarentacar.com\/#\/schema\/logo\/image\/"},"sameAs":["https:\/\/www.instagram.com\/stories\/cekarentacar\/"]}]}},"_links":{"self":[{"href":"https:\/\/www.cekarentacar.com\/index.php?rest_route=\/wp\/v2\/pages\/1745","targetHints":{"allow":["GET"]}}],"collection":[{"href":"https:\/\/www.cekarentacar.com\/index.php?rest_route=\/wp\/v2\/pages"}],"about":[{"href":"https:\/\/www.cekarentacar.com\/index.php?rest_route=\/wp\/v2\/types\/page"}],"author":[{"embeddable":true,"href":"https:\/\/www.cekarentacar.com\/index.php?rest_route=\/wp\/v2\/users\/1"}],"replies":[{"embeddable":true,"href":"https:\/\/www.cekarentacar.com\/index.php?rest_route=%2Fwp%2Fv2%2Fcomments&post=1745"}],"version-history":[{"count":0,"href":"https:\/\/www.cekarentacar.com\/index.php?rest_route=\/wp\/v2\/pages\/1745\/revisions"}],"wp:attachment":[{"href":"https:\/\/www.cekarentacar.com\/index.php?rest_route=%2Fwp%2Fv2%2Fmedia&parent=1745"}],"curies":[{"name":"wp","href":"https:\/\/api.w.org\/{rel}","templated":true}]}}