{"id":1657,"date":"2024-12-28T14:16:08","date_gmt":"2024-12-28T14:16:08","guid":{"rendered":"http:\/\/www.cekarentacar.com\/?page_id=1657"},"modified":"2025-01-12T13:21:28","modified_gmt":"2025-01-12T13:21:28","slug":"hakkimizda","status":"publish","type":"page","link":"https:\/\/www.cekarentacar.com\/?page_id=1657","title":{"rendered":"HAKKIMIZDA"},"content":{"rendered":"\r\n<p><strong>CEKA RENT A CAR<\/strong><\/p>\r\n\r\n\r\n\r\n<p>2008 y\u0131l\u0131nda \u0130stanbul\u2019un Be\u015fikta\u015f semtinde kurulan\u00a0<strong>Ceka Rent a Car<\/strong>, kuruldu\u011fu g\u00fcnden bu yana ayn\u0131 lokasyonda kesintisiz hizmet veren k\u00f6kl\u00fc bir ara\u00e7 kiralama firmas\u0131d\u0131r. \u0130stanbul ara\u00e7 kiralama sekt\u00f6r\u00fcnde, ekonomik, orta segment ve l\u00fcks ara\u00e7lardan olu\u015fan geni\u015f filomuzla bireysel ve kurumsal m\u00fc\u015fterilere g\u00fcnl\u00fck ara\u00e7 kiralama, ayl\u0131k ara\u00e7 kiralama ve y\u0131ll\u0131k ara\u00e7 kiralama \u00e7\u00f6z\u00fcmleri sunmaktay\u0131z.<\/p>\r\n\r\n\r\n\r\n<p>Be\u015fikta\u015f\u2019taki merkezi konumumuz ve sekt\u00f6rdeki uzun y\u0131llara dayanan tecr\u00fcbemiz, bizi g\u00fcvenilir ara\u00e7 kiralama firmalar\u0131 aras\u0131nda \u00f6n plana \u00e7\u0131karmaktad\u0131r. Kurulu\u015fumuzdan bu yana, m\u00fc\u015fteri ihtiya\u00e7lar\u0131n\u0131 ve beklentilerini \u00f6n planda tutarak, ara\u00e7 yelpazemizi s\u00fcrekli olarak geni\u015fletiyor ve her b\u00fct\u00e7eye uygun se\u00e7enekler sunuyoruz.<\/p>\r\n\r\n\r\n\r\n<p><strong>Ceka Rent a Car\u00a0<\/strong>olarak, ara\u00e7lar\u0131m\u0131z\u0131n d\u00fczenli bak\u0131m ve temizlik s\u00fcre\u00e7lerini titizlikle ger\u00e7ekle\u015ftiriyor, sizlere g\u00fcvenli ve konforlu bir s\u00fcr\u00fc\u015f deneyimi sunuyoruz. Ayr\u0131ca, 7\/24 ara\u00e7 kiralama deste\u011fi sa\u011flayarak yolculu\u011funuzun her an\u0131nda yan\u0131n\u0131zda olmay\u0131 taahh\u00fct ediyoruz.<\/p>\r\n\r\n\r\n\r\n<p>Be\u015fikta\u015f\u2019taki merkezimizden hareketle,\u00a0<strong>Ceka Rent a Car<\/strong>\u00a0olarak \u0130stanbul\u2019un t\u00fcm semtlerine ara\u00e7 kiralama hizmeti sunuyoruz. \u0130ster Avrupa Yakas\u0131\u2019nda ister Anadolu Yakas\u0131\u2019nda olun, ihtiya\u00e7lar\u0131n\u0131za uygun ara\u00e7lar\u0131m\u0131zla her zaman yan\u0131n\u0131zday\u0131z.<\/p>\r\n\r\n\r\n\r\n<p>G\u00fcvenilirlik, konfor ve kaliteyi bir arada sunan hizmet anlay\u0131\u015f\u0131m\u0131zla fark yaratmay\u0131 hedefliyoruz. E\u011fer Be\u015fikta\u015f ara\u00e7 kiralama veya \u0130stanbul\u2019da l\u00fcks ara\u00e7 kiralama hizmetine ihtiya\u00e7 duyuyorsan\u0131z, profesyonel ve g\u00fcler y\u00fczl\u00fc ekibimizle tan\u0131\u015fmak i\u00e7in bizi hemen aray\u0131n.<strong>\u00a0Ceka Rent a Car<\/strong>, keyifli ve sorunsuz yolculuklar\u0131n\u0131z i\u00e7in her zaman haz\u0131r!<\/p>\r\n\r\n\r\n\r\n<p>&nbsp;<\/p>\r\n","protected":false},"excerpt":{"rendered":"<p>CEKA RENT A CAR 2008 y\u0131l\u0131nda \u0130stanbul\u2019un Be\u015fikta\u015f semtinde kurulan\u00a0Ceka Rent a Car, kuruldu\u011fu g\u00fcnden bu yana ayn\u0131 lokasyonda kesintisiz hizmet veren k\u00f6kl\u00fc bir ara\u00e7 kiralama firmas\u0131d\u0131r. \u0130stanbul ara\u00e7 kiralama sekt\u00f6r\u00fcnde, ekonomik, orta segment ve l\u00fcks ara\u00e7lardan olu\u015fan geni\u015f filomuzla bireysel ve kurumsal m\u00fc\u015fterilere g\u00fcnl\u00fck ara\u00e7 kiralama, ayl\u0131k ara\u00e7 kiralama ve y\u0131ll\u0131k ara\u00e7 kiralama \u00e7\u00f6z\u00fcmleri [&hellip;]<\/p>\n","protected":false},"author":1,"featured_media":0,"parent":0,"menu_order":0,"comment_status":"closed","ping_status":"closed","template":"","meta":{"footnotes":""},"class_list":["post-1657","page","type-page","status-publish","hentry"],"yoast_head":"<!-- This site is optimized with the Yoast SEO plugin v27.3 - https:\/\/yoast.com\/product\/yoast-seo-wordpress\/ -->\n<title>HAKKIMIZDA - Ceka Rent a Car<\/title>\n<meta name=\"robots\" content=\"index, follow, max-snippet:-1, max-image-preview:large, max-video-preview:-1\" \/>\n<link rel=\"canonical\" href=\"http:\/\/www.cekarentacar.com\/?page_id=1657\" \/>\n<meta property=\"og:locale\" content=\"tr_TR\" \/>\n<meta property=\"og:type\" content=\"article\" \/>\n<meta property=\"og:title\" content=\"HAKKIMIZDA - Ceka Rent a Car\" \/>\n<meta property=\"og:description\" content=\"CEKA RENT A CAR 2008 y\u0131l\u0131nda \u0130stanbul\u2019un Be\u015fikta\u015f semtinde kurulan\u00a0Ceka Rent a Car, kuruldu\u011fu g\u00fcnden bu yana ayn\u0131 lokasyonda kesintisiz hizmet veren k\u00f6kl\u00fc bir ara\u00e7 kiralama firmas\u0131d\u0131r. \u0130stanbul ara\u00e7 kiralama sekt\u00f6r\u00fcnde, ekonomik, orta segment ve l\u00fcks ara\u00e7lardan olu\u015fan geni\u015f filomuzla bireysel ve kurumsal m\u00fc\u015fterilere g\u00fcnl\u00fck ara\u00e7 kiralama, ayl\u0131k ara\u00e7 kiralama ve y\u0131ll\u0131k ara\u00e7 kiralama \u00e7\u00f6z\u00fcmleri [&hellip;]\" \/>\n<meta property=\"og:url\" content=\"http:\/\/www.cekarentacar.com\/?page_id=1657\" \/>\n<meta property=\"og:site_name\" content=\"Ceka Rent a Car\" \/>\n<meta property=\"article:modified_time\" content=\"2025-01-12T13:21:28+00:00\" \/>\n<meta name=\"twitter:card\" content=\"summary_large_image\" \/>\n<meta name=\"twitter:label1\" content=\"Tahmini okuma s\u00fcresi\" \/>\n\t<meta name=\"twitter:data1\" content=\"2 dakika\" \/>\n<script type=\"application\/ld+json\" class=\"yoast-schema-graph\">{\"@context\":\"https:\\\/\\\/schema.org\",\"@graph\":[{\"@type\":\"WebPage\",\"@id\":\"http:\\\/\\\/www.cekarentacar.com\\\/?page_id=1657\",\"url\":\"http:\\\/\\\/www.cekarentacar.com\\\/?page_id=1657\",\"name\":\"HAKKIMIZDA - Ceka Rent a Car\",\"isPartOf\":{\"@id\":\"http:\\\/\\\/www.cekarentacar.com\\\/#website\"},\"datePublished\":\"2024-12-28T14:16:08+00:00\",\"dateModified\":\"2025-01-12T13:21:28+00:00\",\"breadcrumb\":{\"@id\":\"http:\\\/\\\/www.cekarentacar.com\\\/?page_id=1657#breadcrumb\"},\"inLanguage\":\"tr\",\"potentialAction\":[{\"@type\":\"ReadAction\",\"target\":[\"http:\\\/\\\/www.cekarentacar.com\\\/?page_id=1657\"]}]},{\"@type\":\"BreadcrumbList\",\"@id\":\"http:\\\/\\\/www.cekarentacar.com\\\/?page_id=1657#breadcrumb\",\"itemListElement\":[{\"@type\":\"ListItem\",\"position\":1,\"name\":\"Anasayfa\",\"item\":\"https:\\\/\\\/www.cekarentacar.com\\\/\"},{\"@type\":\"ListItem\",\"position\":2,\"name\":\"HAKKIMIZDA\"}]},{\"@type\":\"WebSite\",\"@id\":\"http:\\\/\\\/www.cekarentacar.com\\\/#website\",\"url\":\"http:\\\/\\\/www.cekarentacar.com\\\/\",\"name\":\"Ceka Rent a Car\",\"description\":\"\",\"publisher\":{\"@id\":\"http:\\\/\\\/www.cekarentacar.com\\\/#organization\"},\"potentialAction\":[{\"@type\":\"SearchAction\",\"target\":{\"@type\":\"EntryPoint\",\"urlTemplate\":\"http:\\\/\\\/www.cekarentacar.com\\\/?s={search_term_string}\"},\"query-input\":{\"@type\":\"PropertyValueSpecification\",\"valueRequired\":true,\"valueName\":\"search_term_string\"}}],\"inLanguage\":\"tr\"},{\"@type\":\"Organization\",\"@id\":\"http:\\\/\\\/www.cekarentacar.com\\\/#organization\",\"name\":\"Ceka Rent a Car\",\"url\":\"http:\\\/\\\/www.cekarentacar.com\\\/\",\"logo\":{\"@type\":\"ImageObject\",\"inLanguage\":\"tr\",\"@id\":\"http:\\\/\\\/www.cekarentacar.com\\\/#\\\/schema\\\/logo\\\/image\\\/\",\"url\":\"https:\\\/\\\/www.cekarentacar.com\\\/wp-content\\\/uploads\\\/2024\\\/12\\\/avatar.png\",\"contentUrl\":\"https:\\\/\\\/www.cekarentacar.com\\\/wp-content\\\/uploads\\\/2024\\\/12\\\/avatar.png\",\"width\":512,\"height\":512,\"caption\":\"Ceka Rent a Car\"},\"image\":{\"@id\":\"http:\\\/\\\/www.cekarentacar.com\\\/#\\\/schema\\\/logo\\\/image\\\/\"},\"sameAs\":[\"https:\\\/\\\/www.instagram.com\\\/stories\\\/cekarentacar\\\/\"]}]}<\/script>\n<!-- \/ Yoast SEO plugin. -->","yoast_head_json":{"title":"HAKKIMIZDA - Ceka Rent a Car","robots":{"index":"index","follow":"follow","max-snippet":"max-snippet:-1","max-image-preview":"max-image-preview:large","max-video-preview":"max-video-preview:-1"},"canonical":"http:\/\/www.cekarentacar.com\/?page_id=1657","og_locale":"tr_TR","og_type":"article","og_title":"HAKKIMIZDA - Ceka Rent a Car","og_description":"CEKA RENT A CAR 2008 y\u0131l\u0131nda \u0130stanbul\u2019un Be\u015fikta\u015f semtinde kurulan\u00a0Ceka Rent a Car, kuruldu\u011fu g\u00fcnden bu yana ayn\u0131 lokasyonda kesintisiz hizmet veren k\u00f6kl\u00fc bir ara\u00e7 kiralama firmas\u0131d\u0131r. \u0130stanbul ara\u00e7 kiralama sekt\u00f6r\u00fcnde, ekonomik, orta segment ve l\u00fcks ara\u00e7lardan olu\u015fan geni\u015f filomuzla bireysel ve kurumsal m\u00fc\u015fterilere g\u00fcnl\u00fck ara\u00e7 kiralama, ayl\u0131k ara\u00e7 kiralama ve y\u0131ll\u0131k ara\u00e7 kiralama \u00e7\u00f6z\u00fcmleri [&hellip;]","og_url":"http:\/\/www.cekarentacar.com\/?page_id=1657","og_site_name":"Ceka Rent a Car","article_modified_time":"2025-01-12T13:21:28+00:00","twitter_card":"summary_large_image","twitter_misc":{"Tahmini okuma s\u00fcresi":"2 dakika"},"schema":{"@context":"https:\/\/schema.org","@graph":[{"@type":"WebPage","@id":"http:\/\/www.cekarentacar.com\/?page_id=1657","url":"http:\/\/www.cekarentacar.com\/?page_id=1657","name":"HAKKIMIZDA - Ceka Rent a Car","isPartOf":{"@id":"http:\/\/www.cekarentacar.com\/#website"},"datePublished":"2024-12-28T14:16:08+00:00","dateModified":"2025-01-12T13:21:28+00:00","breadcrumb":{"@id":"http:\/\/www.cekarentacar.com\/?page_id=1657#breadcrumb"},"inLanguage":"tr","potentialAction":[{"@type":"ReadAction","target":["http:\/\/www.cekarentacar.com\/?page_id=1657"]}]},{"@type":"BreadcrumbList","@id":"http:\/\/www.cekarentacar.com\/?page_id=1657#breadcrumb","itemListElement":[{"@type":"ListItem","position":1,"name":"Anasayfa","item":"https:\/\/www.cekarentacar.com\/"},{"@type":"ListItem","position":2,"name":"HAKKIMIZDA"}]},{"@type":"WebSite","@id":"http:\/\/www.cekarentacar.com\/#website","url":"http:\/\/www.cekarentacar.com\/","name":"Ceka Rent a Car","description":"","publisher":{"@id":"http:\/\/www.cekarentacar.com\/#organization"},"potentialAction":[{"@type":"SearchAction","target":{"@type":"EntryPoint","urlTemplate":"http:\/\/www.cekarentacar.com\/?s={search_term_string}"},"query-input":{"@type":"PropertyValueSpecification","valueRequired":true,"valueName":"search_term_string"}}],"inLanguage":"tr"},{"@type":"Organization","@id":"http:\/\/www.cekarentacar.com\/#organization","name":"Ceka Rent a Car","url":"http:\/\/www.cekarentacar.com\/","logo":{"@type":"ImageObject","inLanguage":"tr","@id":"http:\/\/www.cekarentacar.com\/#\/schema\/logo\/image\/","url":"https:\/\/www.cekarentacar.com\/wp-content\/uploads\/2024\/12\/avatar.png","contentUrl":"https:\/\/www.cekarentacar.com\/wp-content\/uploads\/2024\/12\/avatar.png","width":512,"height":512,"caption":"Ceka Rent a Car"},"image":{"@id":"http:\/\/www.cekarentacar.com\/#\/schema\/logo\/image\/"},"sameAs":["https:\/\/www.instagram.com\/stories\/cekarentacar\/"]}]}},"_links":{"self":[{"href":"https:\/\/www.cekarentacar.com\/index.php?rest_route=\/wp\/v2\/pages\/1657","targetHints":{"allow":["GET"]}}],"collection":[{"href":"https:\/\/www.cekarentacar.com\/index.php?rest_route=\/wp\/v2\/pages"}],"about":[{"href":"https:\/\/www.cekarentacar.com\/index.php?rest_route=\/wp\/v2\/types\/page"}],"author":[{"embeddable":true,"href":"https:\/\/www.cekarentacar.com\/index.php?rest_route=\/wp\/v2\/users\/1"}],"replies":[{"embeddable":true,"href":"https:\/\/www.cekarentacar.com\/index.php?rest_route=%2Fwp%2Fv2%2Fcomments&post=1657"}],"version-history":[{"count":0,"href":"https:\/\/www.cekarentacar.com\/index.php?rest_route=\/wp\/v2\/pages\/1657\/revisions"}],"wp:attachment":[{"href":"https:\/\/www.cekarentacar.com\/index.php?rest_route=%2Fwp%2Fv2%2Fmedia&parent=1657"}],"curies":[{"name":"wp","href":"https:\/\/api.w.org\/{rel}","templated":true}]}}