{"id":1627,"date":"2024-12-26T19:21:42","date_gmt":"2024-12-26T19:21:42","guid":{"rendered":"http:\/\/www.cekarentacar.com\/?page_id=1627"},"modified":"2024-12-28T14:12:42","modified_gmt":"2024-12-28T14:12:42","slug":"kiralama-kosullari1","status":"publish","type":"page","link":"https:\/\/www.cekarentacar.com\/?page_id=1627","title":{"rendered":"K\u0130RALAMA KO\u015eULLARI"},"content":{"rendered":"\n<h3 class=\"wp-block-heading\">DE\u011eERL\u0130 M\u00dc\u015eTER\u0130M\u0130Z,<\/h3>\n\n\n\n<h5 class=\"wp-block-heading\">KULLANICI B\u0130LG\u0130S\u0130<\/h5>\n\n\n\n<p>Ara\u00e7 kiralamak i\u00e7in en az 2 y\u0131ll\u0131k ge\u00e7erli bir s\u00fcr\u00fcc\u00fc belgesine sahip olman\u0131z gerekmektedir. Kimlik, ehliyet ve ge\u00e7erli bir kredi kart\u0131 gibi belgeleri rezervasyon s\u0131ras\u0131nda ibraz etmelisiniz. Kurumsal kiralamalarda \u015firket yetkilisinin bilgileri ve ticari evraklar talep edilebilir.<\/p>\n\n\n\n<h5 class=\"wp-block-heading\">K\u0130RALAMA S\u00dcRES\u0130<\/h5>\n\n\n\n<p>G\u00fcnl\u00fck kiralamalarda minimum kiralama s\u00fcresi 3 g\u00fcnd\u00fcr. Uzun d\u00f6nem kiralamalar i\u00e7in uygun fiyat avantajlar\u0131m\u0131z ve \u00f6zel tekliflerimiz bulunmaktad\u0131r.<\/p>\n\n\n\n<h5 class=\"wp-block-heading\"><strong>EK H\u0130ZMETLER<\/strong><\/h5>\n\n\n\n<p>\u0130htiyac\u0131n\u0131za g\u00f6re bebek koltu\u011fu, ara\u00e7 kiralama s\u00fcreciniz boyunca size yard\u0131mc\u0131 olmak i\u00e7in 7\/24 telefon deste\u011fi sa\u011flanmaktad\u0131r<\/p>\n\n\n\n<p><\/p>\n","protected":false},"excerpt":{"rendered":"<p>DE\u011eERL\u0130 M\u00dc\u015eTER\u0130M\u0130Z, KULLANICI B\u0130LG\u0130S\u0130 Ara\u00e7 kiralamak i\u00e7in en az 2 y\u0131ll\u0131k ge\u00e7erli bir s\u00fcr\u00fcc\u00fc belgesine sahip olman\u0131z gerekmektedir. Kimlik, ehliyet ve ge\u00e7erli bir kredi kart\u0131 gibi belgeleri rezervasyon s\u0131ras\u0131nda ibraz etmelisiniz. Kurumsal kiralamalarda \u015firket yetkilisinin bilgileri ve ticari evraklar talep edilebilir. K\u0130RALAMA S\u00dcRES\u0130 G\u00fcnl\u00fck kiralamalarda minimum kiralama s\u00fcresi 3 g\u00fcnd\u00fcr. Uzun d\u00f6nem kiralamalar i\u00e7in uygun [&hellip;]<\/p>\n","protected":false},"author":1,"featured_media":0,"parent":0,"menu_order":0,"comment_status":"closed","ping_status":"closed","template":"","meta":{"footnotes":""},"class_list":["post-1627","page","type-page","status-publish","hentry"],"yoast_head":"<!-- This site is optimized with the Yoast SEO plugin v27.3 - https:\/\/yoast.com\/product\/yoast-seo-wordpress\/ -->\n<title>K\u0130RALAMA KO\u015eULLARI - Ceka Rent a Car<\/title>\n<meta name=\"robots\" content=\"index, follow, max-snippet:-1, max-image-preview:large, max-video-preview:-1\" \/>\n<link rel=\"canonical\" href=\"http:\/\/www.cekarentacar.com\/?page_id=1627\" \/>\n<meta property=\"og:locale\" content=\"tr_TR\" \/>\n<meta property=\"og:type\" content=\"article\" \/>\n<meta property=\"og:title\" content=\"K\u0130RALAMA KO\u015eULLARI - Ceka Rent a Car\" \/>\n<meta property=\"og:description\" content=\"DE\u011eERL\u0130 M\u00dc\u015eTER\u0130M\u0130Z, KULLANICI B\u0130LG\u0130S\u0130 Ara\u00e7 kiralamak i\u00e7in en az 2 y\u0131ll\u0131k ge\u00e7erli bir s\u00fcr\u00fcc\u00fc belgesine sahip olman\u0131z gerekmektedir. Kimlik, ehliyet ve ge\u00e7erli bir kredi kart\u0131 gibi belgeleri rezervasyon s\u0131ras\u0131nda ibraz etmelisiniz. Kurumsal kiralamalarda \u015firket yetkilisinin bilgileri ve ticari evraklar talep edilebilir. K\u0130RALAMA S\u00dcRES\u0130 G\u00fcnl\u00fck kiralamalarda minimum kiralama s\u00fcresi 3 g\u00fcnd\u00fcr. Uzun d\u00f6nem kiralamalar i\u00e7in uygun [&hellip;]\" \/>\n<meta property=\"og:url\" content=\"http:\/\/www.cekarentacar.com\/?page_id=1627\" \/>\n<meta property=\"og:site_name\" content=\"Ceka Rent a Car\" \/>\n<meta property=\"article:modified_time\" content=\"2024-12-28T14:12:42+00:00\" \/>\n<meta name=\"twitter:card\" content=\"summary_large_image\" \/>\n<meta name=\"twitter:label1\" content=\"Tahmini okuma s\u00fcresi\" \/>\n\t<meta name=\"twitter:data1\" content=\"1 dakika\" \/>\n<script type=\"application\/ld+json\" class=\"yoast-schema-graph\">{\"@context\":\"https:\\\/\\\/schema.org\",\"@graph\":[{\"@type\":\"WebPage\",\"@id\":\"http:\\\/\\\/www.cekarentacar.com\\\/?page_id=1627\",\"url\":\"http:\\\/\\\/www.cekarentacar.com\\\/?page_id=1627\",\"name\":\"K\u0130RALAMA KO\u015eULLARI - Ceka Rent a Car\",\"isPartOf\":{\"@id\":\"http:\\\/\\\/www.cekarentacar.com\\\/#website\"},\"datePublished\":\"2024-12-26T19:21:42+00:00\",\"dateModified\":\"2024-12-28T14:12:42+00:00\",\"breadcrumb\":{\"@id\":\"http:\\\/\\\/www.cekarentacar.com\\\/?page_id=1627#breadcrumb\"},\"inLanguage\":\"tr\",\"potentialAction\":[{\"@type\":\"ReadAction\",\"target\":[\"http:\\\/\\\/www.cekarentacar.com\\\/?page_id=1627\"]}]},{\"@type\":\"BreadcrumbList\",\"@id\":\"http:\\\/\\\/www.cekarentacar.com\\\/?page_id=1627#breadcrumb\",\"itemListElement\":[{\"@type\":\"ListItem\",\"position\":1,\"name\":\"Anasayfa\",\"item\":\"https:\\\/\\\/www.cekarentacar.com\\\/\"},{\"@type\":\"ListItem\",\"position\":2,\"name\":\"K\u0130RALAMA KO\u015eULLARI\"}]},{\"@type\":\"WebSite\",\"@id\":\"http:\\\/\\\/www.cekarentacar.com\\\/#website\",\"url\":\"http:\\\/\\\/www.cekarentacar.com\\\/\",\"name\":\"Ceka Rent a Car\",\"description\":\"\",\"publisher\":{\"@id\":\"http:\\\/\\\/www.cekarentacar.com\\\/#organization\"},\"potentialAction\":[{\"@type\":\"SearchAction\",\"target\":{\"@type\":\"EntryPoint\",\"urlTemplate\":\"http:\\\/\\\/www.cekarentacar.com\\\/?s={search_term_string}\"},\"query-input\":{\"@type\":\"PropertyValueSpecification\",\"valueRequired\":true,\"valueName\":\"search_term_string\"}}],\"inLanguage\":\"tr\"},{\"@type\":\"Organization\",\"@id\":\"http:\\\/\\\/www.cekarentacar.com\\\/#organization\",\"name\":\"Ceka Rent a Car\",\"url\":\"http:\\\/\\\/www.cekarentacar.com\\\/\",\"logo\":{\"@type\":\"ImageObject\",\"inLanguage\":\"tr\",\"@id\":\"http:\\\/\\\/www.cekarentacar.com\\\/#\\\/schema\\\/logo\\\/image\\\/\",\"url\":\"https:\\\/\\\/www.cekarentacar.com\\\/wp-content\\\/uploads\\\/2024\\\/12\\\/avatar.png\",\"contentUrl\":\"https:\\\/\\\/www.cekarentacar.com\\\/wp-content\\\/uploads\\\/2024\\\/12\\\/avatar.png\",\"width\":512,\"height\":512,\"caption\":\"Ceka Rent a Car\"},\"image\":{\"@id\":\"http:\\\/\\\/www.cekarentacar.com\\\/#\\\/schema\\\/logo\\\/image\\\/\"},\"sameAs\":[\"https:\\\/\\\/www.instagram.com\\\/stories\\\/cekarentacar\\\/\"]}]}<\/script>\n<!-- \/ Yoast SEO plugin. -->","yoast_head_json":{"title":"K\u0130RALAMA KO\u015eULLARI - Ceka Rent a Car","robots":{"index":"index","follow":"follow","max-snippet":"max-snippet:-1","max-image-preview":"max-image-preview:large","max-video-preview":"max-video-preview:-1"},"canonical":"http:\/\/www.cekarentacar.com\/?page_id=1627","og_locale":"tr_TR","og_type":"article","og_title":"K\u0130RALAMA KO\u015eULLARI - Ceka Rent a Car","og_description":"DE\u011eERL\u0130 M\u00dc\u015eTER\u0130M\u0130Z, KULLANICI B\u0130LG\u0130S\u0130 Ara\u00e7 kiralamak i\u00e7in en az 2 y\u0131ll\u0131k ge\u00e7erli bir s\u00fcr\u00fcc\u00fc belgesine sahip olman\u0131z gerekmektedir. Kimlik, ehliyet ve ge\u00e7erli bir kredi kart\u0131 gibi belgeleri rezervasyon s\u0131ras\u0131nda ibraz etmelisiniz. Kurumsal kiralamalarda \u015firket yetkilisinin bilgileri ve ticari evraklar talep edilebilir. K\u0130RALAMA S\u00dcRES\u0130 G\u00fcnl\u00fck kiralamalarda minimum kiralama s\u00fcresi 3 g\u00fcnd\u00fcr. Uzun d\u00f6nem kiralamalar i\u00e7in uygun [&hellip;]","og_url":"http:\/\/www.cekarentacar.com\/?page_id=1627","og_site_name":"Ceka Rent a Car","article_modified_time":"2024-12-28T14:12:42+00:00","twitter_card":"summary_large_image","twitter_misc":{"Tahmini okuma s\u00fcresi":"1 dakika"},"schema":{"@context":"https:\/\/schema.org","@graph":[{"@type":"WebPage","@id":"http:\/\/www.cekarentacar.com\/?page_id=1627","url":"http:\/\/www.cekarentacar.com\/?page_id=1627","name":"K\u0130RALAMA KO\u015eULLARI - Ceka Rent a Car","isPartOf":{"@id":"http:\/\/www.cekarentacar.com\/#website"},"datePublished":"2024-12-26T19:21:42+00:00","dateModified":"2024-12-28T14:12:42+00:00","breadcrumb":{"@id":"http:\/\/www.cekarentacar.com\/?page_id=1627#breadcrumb"},"inLanguage":"tr","potentialAction":[{"@type":"ReadAction","target":["http:\/\/www.cekarentacar.com\/?page_id=1627"]}]},{"@type":"BreadcrumbList","@id":"http:\/\/www.cekarentacar.com\/?page_id=1627#breadcrumb","itemListElement":[{"@type":"ListItem","position":1,"name":"Anasayfa","item":"https:\/\/www.cekarentacar.com\/"},{"@type":"ListItem","position":2,"name":"K\u0130RALAMA KO\u015eULLARI"}]},{"@type":"WebSite","@id":"http:\/\/www.cekarentacar.com\/#website","url":"http:\/\/www.cekarentacar.com\/","name":"Ceka Rent a Car","description":"","publisher":{"@id":"http:\/\/www.cekarentacar.com\/#organization"},"potentialAction":[{"@type":"SearchAction","target":{"@type":"EntryPoint","urlTemplate":"http:\/\/www.cekarentacar.com\/?s={search_term_string}"},"query-input":{"@type":"PropertyValueSpecification","valueRequired":true,"valueName":"search_term_string"}}],"inLanguage":"tr"},{"@type":"Organization","@id":"http:\/\/www.cekarentacar.com\/#organization","name":"Ceka Rent a Car","url":"http:\/\/www.cekarentacar.com\/","logo":{"@type":"ImageObject","inLanguage":"tr","@id":"http:\/\/www.cekarentacar.com\/#\/schema\/logo\/image\/","url":"https:\/\/www.cekarentacar.com\/wp-content\/uploads\/2024\/12\/avatar.png","contentUrl":"https:\/\/www.cekarentacar.com\/wp-content\/uploads\/2024\/12\/avatar.png","width":512,"height":512,"caption":"Ceka Rent a Car"},"image":{"@id":"http:\/\/www.cekarentacar.com\/#\/schema\/logo\/image\/"},"sameAs":["https:\/\/www.instagram.com\/stories\/cekarentacar\/"]}]}},"_links":{"self":[{"href":"https:\/\/www.cekarentacar.com\/index.php?rest_route=\/wp\/v2\/pages\/1627","targetHints":{"allow":["GET"]}}],"collection":[{"href":"https:\/\/www.cekarentacar.com\/index.php?rest_route=\/wp\/v2\/pages"}],"about":[{"href":"https:\/\/www.cekarentacar.com\/index.php?rest_route=\/wp\/v2\/types\/page"}],"author":[{"embeddable":true,"href":"https:\/\/www.cekarentacar.com\/index.php?rest_route=\/wp\/v2\/users\/1"}],"replies":[{"embeddable":true,"href":"https:\/\/www.cekarentacar.com\/index.php?rest_route=%2Fwp%2Fv2%2Fcomments&post=1627"}],"version-history":[{"count":0,"href":"https:\/\/www.cekarentacar.com\/index.php?rest_route=\/wp\/v2\/pages\/1627\/revisions"}],"wp:attachment":[{"href":"https:\/\/www.cekarentacar.com\/index.php?rest_route=%2Fwp%2Fv2%2Fmedia&parent=1627"}],"curies":[{"name":"wp","href":"https:\/\/api.w.org\/{rel}","templated":true}]}}