{"id":1321,"date":"2024-12-16T11:48:19","date_gmt":"2024-12-16T11:48:19","guid":{"rendered":"http:\/\/www.cekarentacar.com\/?page_id=1321"},"modified":"2024-12-31T11:27:09","modified_gmt":"2024-12-31T11:27:09","slug":"iletisim","status":"publish","type":"page","link":"https:\/\/www.cekarentacar.com\/?page_id=1321","title":{"rendered":"\u0130leti\u015fim"},"content":{"rendered":"<div class=\"wpb-content-wrapper\"><p>[vc_row full_width=&#8221;stretch_row_content&#8221; inverse=&#8221;&#8221; css=&#8221;.vc_custom_1734807851980{background-color: #f2f2f2 !important;}&#8221;][vc_column width=&#8221;1\/2&#8243;]<div class=\"columns_wrap sc_columns columns_fluid sc_columns_count_6\"><div class=\"column-2_6 sc_column_item sc_column_item_1 odd first span_2\"><\/div><div class=\"column-3_6 sc_column_item sc_column_item_3 odd span_3 after_span_2\"><div class=\"sc_section margin_top_small margin_right_null margin_bottom_null margin_left_null\"><div class=\"sc_section_inner\"><div class=\"sc_section_content_wrap\"><h2 class=\"sc_title sc_title_regular margin_top_large margin_bottom_null\">\u0130LET\u0130\u015e\u0130M<\/p>\n<div id=\"gtx-trans\" style=\"position: absolute; left: 0px; top: -4.5px;\">\n<div class=\"gtx-trans-icon\"><\/div>\n<\/div>\n<p><\/h2>[vc_empty_space height=&#8221;2.7em&#8221;][vc_column_text]\n<div class=\"wpcf7 no-js\" id=\"wpcf7-f1000-o1\" lang=\"en-US\" dir=\"ltr\" data-wpcf7-id=\"1000\">\n<div class=\"screen-reader-response\"><p role=\"status\" aria-live=\"polite\" aria-atomic=\"true\"><\/p> <ul><\/ul><\/div>\n<form action=\"\/index.php?rest_route=%2Fwp%2Fv2%2Fpages%2F1321#wpcf7-f1000-o1\" method=\"post\" class=\"wpcf7-form init\" aria-label=\"Contact form\" novalidate=\"novalidate\" data-status=\"init\">\n<fieldset class=\"hidden-fields-container\"><input type=\"hidden\" name=\"_wpcf7\" value=\"1000\" \/><input type=\"hidden\" name=\"_wpcf7_version\" value=\"6.1.5\" \/><input type=\"hidden\" name=\"_wpcf7_locale\" value=\"en_US\" \/><input type=\"hidden\" name=\"_wpcf7_unit_tag\" value=\"wpcf7-f1000-o1\" \/><input type=\"hidden\" name=\"_wpcf7_container_post\" value=\"0\" \/><input type=\"hidden\" name=\"_wpcf7_posted_data_hash\" value=\"\" \/>\n<\/fieldset>\n<label> Ad\u0131n\u0131z\n    <span class=\"wpcf7-form-control-wrap\" data-name=\"your-name\"><input size=\"40\" maxlength=\"400\" class=\"wpcf7-form-control wpcf7-text wpcf7-validates-as-required\" autocomplete=\"name\" aria-required=\"true\" aria-invalid=\"false\" value=\"\" type=\"text\" name=\"your-name\" \/><\/span> <\/label>\n<label> Telefon Numaran\u0131z\n    <span class=\"wpcf7-form-control-wrap\" data-name=\"tel-224\"><input size=\"40\" maxlength=\"11\" minlength=\"3\" class=\"wpcf7-form-control wpcf7-tel wpcf7-validates-as-required wpcf7-text wpcf7-validates-as-tel\" aria-required=\"true\" aria-invalid=\"false\" placeholder=\"\" value=\"\" type=\"tel\" name=\"tel-224\" \/><\/span> <\/label>\n<label> E-posta adresiniz\n    <span class=\"wpcf7-form-control-wrap\" data-name=\"your-email\"><input size=\"40\" maxlength=\"400\" class=\"wpcf7-form-control wpcf7-email wpcf7-validates-as-required wpcf7-text wpcf7-validates-as-email\" autocomplete=\"email\" aria-required=\"true\" aria-invalid=\"false\" value=\"\" type=\"email\" name=\"your-email\" \/><\/span> <\/label>\n<label> Konu\n    <span class=\"wpcf7-form-control-wrap\" data-name=\"your-subject\"><input size=\"40\" maxlength=\"400\" class=\"wpcf7-form-control wpcf7-text wpcf7-validates-as-required\" aria-required=\"true\" aria-invalid=\"false\" value=\"\" type=\"text\" name=\"your-subject\" \/><\/span> <\/label>\n\n<input class=\"wpcf7-form-control wpcf7-submit has-spinner\" type=\"submit\" value=\"G\u00f6nder\" \/><p style=\"display: none !important;\" class=\"akismet-fields-container\" data-prefix=\"_wpcf7_ak_\"><label>&#916;<textarea name=\"_wpcf7_ak_hp_textarea\" cols=\"45\" rows=\"8\" maxlength=\"100\"><\/textarea><\/label><input type=\"hidden\" id=\"ak_js_1\" name=\"_wpcf7_ak_js\" value=\"124\"\/><script>document.getElementById( \"ak_js_1\" ).setAttribute( \"value\", ( new Date() ).getTime() );<\/script><\/p><div class=\"wpcf7-response-output\" aria-hidden=\"true\"><\/div>\n<\/form>\n<\/div>\n[\/vc_column_text][vc_empty_space height=&#8221;1.2em&#8221;]<\/div><\/div><\/div><\/div><div class=\"column-1_6 sc_column_item sc_column_item_6 even after_span_3\"><\/div><\/div>[\/vc_column][vc_column width=&#8221;1\/2&#8243;]<div id=\"sc_googlemap_852738409\" class=\"sc_googlemap\" style=\"width:100%;height:463px;\" data-zoom=\"10\" data-style=\"greyscale\"><iframe src=\"https:\/\/maps.google.com\/maps?t=m&output=embed&iwloc=near&z=10&q=New+Lenox\" scrolling=\"no\" marginheight=\"0\" marginwidth=\"0\" frameborder=\"0\" aria-label=\"\"><\/iframe><\/div><div class=\"sc_googlemap_contacts\"><div class=\"sc_googlemap_contacts_wrap\"><div class=\"map_contact_info address\">T\u00fcrkali Mah. Ali Suavi Sk.  Akasya Apt. No:2 <br> \u0130\u00e7 Kap\u0131 No:3  Be\u015fikta\u015f\/\u0130stanbul\/T\u00fcrkiye<\/div><div class=\"map_contact_info\"><a href=\"tel:+90 212 236 56 74\">+90 212 236 56 74<\/a><\/div><div class=\"map_contact_info\"><a href=\"mailto:info@cekarenacar.com\">info@cekarenacar.com<\/a><\/div><\/div><\/div>[\/vc_column][\/vc_row][vc_row][vc_column][vc_raw_html css=&#8221;&#8221;]JTNDc3R5bGUlM0UlMjBkaXYlMjNzY19nb29nbGVtYXBfNzUzMzI3MzYxJTIwJTdCJTIwZGlzcGxheSUzQW5vbmUlMjAlMjFpbXBvcnRhbnQlN0QlM0MlMkZzdHlsZSUzRQ==[\/vc_raw_html][\/vc_column][\/vc_row]<\/p>\n<\/div>","protected":false},"excerpt":{"rendered":"<p>[vc_row full_width=&#8221;stretch_row_content&#8221; inverse=&#8221;&#8221; css=&#8221;.vc_custom_1734807851980{background-color: #f2f2f2 !important;}&#8221;][vc_column width=&#8221;1\/2&#8243;][\/vc_column][vc_column width=&#8221;1\/2&#8243;][\/vc_column][\/vc_row][vc_row][vc_column][vc_raw_html css=&#8221;&#8221;]JTNDc3R5bGUlM0UlMjBkaXYlMjNzY19nb29nbGVtYXBfNzUzMzI3MzYxJTIwJTdCJTIwZGlzcGxheSUzQW5vbmUlMjAlMjFpbXBvcnRhbnQlN0QlM0MlMkZzdHlsZSUzRQ==[\/vc_raw_html][\/vc_column][\/vc_row]<\/p>\n","protected":false},"author":1,"featured_media":0,"parent":1230,"menu_order":0,"comment_status":"closed","ping_status":"closed","template":"","meta":{"footnotes":""},"class_list":["post-1321","page","type-page","status-publish","hentry"],"yoast_head":"<!-- This site is optimized with the Yoast SEO plugin v27.3 - https:\/\/yoast.com\/product\/yoast-seo-wordpress\/ -->\n<title>\u0130leti\u015fim - Ceka Rent a Car<\/title>\n<meta name=\"robots\" content=\"index, follow, max-snippet:-1, max-image-preview:large, max-video-preview:-1\" \/>\n<link rel=\"canonical\" href=\"https:\/\/www.cekarentacar.com\/?page_id=1321\" \/>\n<meta property=\"og:locale\" content=\"tr_TR\" \/>\n<meta property=\"og:type\" content=\"article\" \/>\n<meta property=\"og:title\" content=\"\u0130leti\u015fim - Ceka Rent a Car\" \/>\n<meta property=\"og:description\" content=\"[vc_row full_width=&#8221;stretch_row_content&#8221; inverse=&#8221;&#8221; css=&#8221;.vc_custom_1734807851980{background-color: #f2f2f2 !important;}&#8221;][vc_column width=&#8221;1\/2&#8243;][\/vc_column][vc_column width=&#8221;1\/2&#8243;][\/vc_column][\/vc_row][vc_row][vc_column][vc_raw_html css=&#8221;&#8221;]JTNDc3R5bGUlM0UlMjBkaXYlMjNzY19nb29nbGVtYXBfNzUzMzI3MzYxJTIwJTdCJTIwZGlzcGxheSUzQW5vbmUlMjAlMjFpbXBvcnRhbnQlN0QlM0MlMkZzdHlsZSUzRQ==[\/vc_raw_html][\/vc_column][\/vc_row]\" \/>\n<meta property=\"og:url\" content=\"https:\/\/www.cekarentacar.com\/?page_id=1321\" \/>\n<meta property=\"og:site_name\" content=\"Ceka Rent a Car\" \/>\n<meta property=\"article:modified_time\" content=\"2024-12-31T11:27:09+00:00\" \/>\n<meta name=\"twitter:card\" content=\"summary_large_image\" \/>\n<meta name=\"twitter:label1\" content=\"Tahmini okuma s\u00fcresi\" \/>\n\t<meta name=\"twitter:data1\" content=\"1 dakika\" \/>\n<script type=\"application\/ld+json\" class=\"yoast-schema-graph\">{\"@context\":\"https:\\\/\\\/schema.org\",\"@graph\":[{\"@type\":\"WebPage\",\"@id\":\"https:\\\/\\\/www.cekarentacar.com\\\/?page_id=1321\",\"url\":\"https:\\\/\\\/www.cekarentacar.com\\\/?page_id=1321\",\"name\":\"\u0130leti\u015fim - Ceka Rent a Car\",\"isPartOf\":{\"@id\":\"http:\\\/\\\/www.cekarentacar.com\\\/#website\"},\"datePublished\":\"2024-12-16T11:48:19+00:00\",\"dateModified\":\"2024-12-31T11:27:09+00:00\",\"breadcrumb\":{\"@id\":\"https:\\\/\\\/www.cekarentacar.com\\\/?page_id=1321#breadcrumb\"},\"inLanguage\":\"tr\",\"potentialAction\":[{\"@type\":\"ReadAction\",\"target\":[\"https:\\\/\\\/www.cekarentacar.com\\\/?page_id=1321\"]}]},{\"@type\":\"BreadcrumbList\",\"@id\":\"https:\\\/\\\/www.cekarentacar.com\\\/?page_id=1321#breadcrumb\",\"itemListElement\":[{\"@type\":\"ListItem\",\"position\":1,\"name\":\"Anasayfa\",\"item\":\"https:\\\/\\\/www.cekarentacar.com\\\/\"},{\"@type\":\"ListItem\",\"position\":2,\"name\":\"\u0130leti\u015fim\",\"item\":\"https:\\\/\\\/www.cekarentacar.com\\\/?page_id=1230\"},{\"@type\":\"ListItem\",\"position\":3,\"name\":\"\u0130leti\u015fim\"}]},{\"@type\":\"WebSite\",\"@id\":\"http:\\\/\\\/www.cekarentacar.com\\\/#website\",\"url\":\"http:\\\/\\\/www.cekarentacar.com\\\/\",\"name\":\"Ceka Rent a Car\",\"description\":\"\",\"publisher\":{\"@id\":\"http:\\\/\\\/www.cekarentacar.com\\\/#organization\"},\"potentialAction\":[{\"@type\":\"SearchAction\",\"target\":{\"@type\":\"EntryPoint\",\"urlTemplate\":\"http:\\\/\\\/www.cekarentacar.com\\\/?s={search_term_string}\"},\"query-input\":{\"@type\":\"PropertyValueSpecification\",\"valueRequired\":true,\"valueName\":\"search_term_string\"}}],\"inLanguage\":\"tr\"},{\"@type\":\"Organization\",\"@id\":\"http:\\\/\\\/www.cekarentacar.com\\\/#organization\",\"name\":\"Ceka Rent a Car\",\"url\":\"http:\\\/\\\/www.cekarentacar.com\\\/\",\"logo\":{\"@type\":\"ImageObject\",\"inLanguage\":\"tr\",\"@id\":\"http:\\\/\\\/www.cekarentacar.com\\\/#\\\/schema\\\/logo\\\/image\\\/\",\"url\":\"https:\\\/\\\/www.cekarentacar.com\\\/wp-content\\\/uploads\\\/2024\\\/12\\\/avatar.png\",\"contentUrl\":\"https:\\\/\\\/www.cekarentacar.com\\\/wp-content\\\/uploads\\\/2024\\\/12\\\/avatar.png\",\"width\":512,\"height\":512,\"caption\":\"Ceka Rent a Car\"},\"image\":{\"@id\":\"http:\\\/\\\/www.cekarentacar.com\\\/#\\\/schema\\\/logo\\\/image\\\/\"},\"sameAs\":[\"https:\\\/\\\/www.instagram.com\\\/stories\\\/cekarentacar\\\/\"]}]}<\/script>\n<!-- \/ Yoast SEO plugin. -->","yoast_head_json":{"title":"\u0130leti\u015fim - Ceka Rent a Car","robots":{"index":"index","follow":"follow","max-snippet":"max-snippet:-1","max-image-preview":"max-image-preview:large","max-video-preview":"max-video-preview:-1"},"canonical":"https:\/\/www.cekarentacar.com\/?page_id=1321","og_locale":"tr_TR","og_type":"article","og_title":"\u0130leti\u015fim - Ceka Rent a Car","og_description":"[vc_row full_width=&#8221;stretch_row_content&#8221; inverse=&#8221;&#8221; css=&#8221;.vc_custom_1734807851980{background-color: #f2f2f2 !important;}&#8221;][vc_column width=&#8221;1\/2&#8243;][\/vc_column][vc_column width=&#8221;1\/2&#8243;][\/vc_column][\/vc_row][vc_row][vc_column][vc_raw_html css=&#8221;&#8221;]JTNDc3R5bGUlM0UlMjBkaXYlMjNzY19nb29nbGVtYXBfNzUzMzI3MzYxJTIwJTdCJTIwZGlzcGxheSUzQW5vbmUlMjAlMjFpbXBvcnRhbnQlN0QlM0MlMkZzdHlsZSUzRQ==[\/vc_raw_html][\/vc_column][\/vc_row]","og_url":"https:\/\/www.cekarentacar.com\/?page_id=1321","og_site_name":"Ceka Rent a Car","article_modified_time":"2024-12-31T11:27:09+00:00","twitter_card":"summary_large_image","twitter_misc":{"Tahmini okuma s\u00fcresi":"1 dakika"},"schema":{"@context":"https:\/\/schema.org","@graph":[{"@type":"WebPage","@id":"https:\/\/www.cekarentacar.com\/?page_id=1321","url":"https:\/\/www.cekarentacar.com\/?page_id=1321","name":"\u0130leti\u015fim - Ceka Rent a Car","isPartOf":{"@id":"http:\/\/www.cekarentacar.com\/#website"},"datePublished":"2024-12-16T11:48:19+00:00","dateModified":"2024-12-31T11:27:09+00:00","breadcrumb":{"@id":"https:\/\/www.cekarentacar.com\/?page_id=1321#breadcrumb"},"inLanguage":"tr","potentialAction":[{"@type":"ReadAction","target":["https:\/\/www.cekarentacar.com\/?page_id=1321"]}]},{"@type":"BreadcrumbList","@id":"https:\/\/www.cekarentacar.com\/?page_id=1321#breadcrumb","itemListElement":[{"@type":"ListItem","position":1,"name":"Anasayfa","item":"https:\/\/www.cekarentacar.com\/"},{"@type":"ListItem","position":2,"name":"\u0130leti\u015fim","item":"https:\/\/www.cekarentacar.com\/?page_id=1230"},{"@type":"ListItem","position":3,"name":"\u0130leti\u015fim"}]},{"@type":"WebSite","@id":"http:\/\/www.cekarentacar.com\/#website","url":"http:\/\/www.cekarentacar.com\/","name":"Ceka Rent a Car","description":"","publisher":{"@id":"http:\/\/www.cekarentacar.com\/#organization"},"potentialAction":[{"@type":"SearchAction","target":{"@type":"EntryPoint","urlTemplate":"http:\/\/www.cekarentacar.com\/?s={search_term_string}"},"query-input":{"@type":"PropertyValueSpecification","valueRequired":true,"valueName":"search_term_string"}}],"inLanguage":"tr"},{"@type":"Organization","@id":"http:\/\/www.cekarentacar.com\/#organization","name":"Ceka Rent a Car","url":"http:\/\/www.cekarentacar.com\/","logo":{"@type":"ImageObject","inLanguage":"tr","@id":"http:\/\/www.cekarentacar.com\/#\/schema\/logo\/image\/","url":"https:\/\/www.cekarentacar.com\/wp-content\/uploads\/2024\/12\/avatar.png","contentUrl":"https:\/\/www.cekarentacar.com\/wp-content\/uploads\/2024\/12\/avatar.png","width":512,"height":512,"caption":"Ceka Rent a Car"},"image":{"@id":"http:\/\/www.cekarentacar.com\/#\/schema\/logo\/image\/"},"sameAs":["https:\/\/www.instagram.com\/stories\/cekarentacar\/"]}]}},"_links":{"self":[{"href":"https:\/\/www.cekarentacar.com\/index.php?rest_route=\/wp\/v2\/pages\/1321","targetHints":{"allow":["GET"]}}],"collection":[{"href":"https:\/\/www.cekarentacar.com\/index.php?rest_route=\/wp\/v2\/pages"}],"about":[{"href":"https:\/\/www.cekarentacar.com\/index.php?rest_route=\/wp\/v2\/types\/page"}],"author":[{"embeddable":true,"href":"https:\/\/www.cekarentacar.com\/index.php?rest_route=\/wp\/v2\/users\/1"}],"replies":[{"embeddable":true,"href":"https:\/\/www.cekarentacar.com\/index.php?rest_route=%2Fwp%2Fv2%2Fcomments&post=1321"}],"version-history":[{"count":0,"href":"https:\/\/www.cekarentacar.com\/index.php?rest_route=\/wp\/v2\/pages\/1321\/revisions"}],"up":[{"embeddable":true,"href":"https:\/\/www.cekarentacar.com\/index.php?rest_route=\/wp\/v2\/pages\/1230"}],"wp:attachment":[{"href":"https:\/\/www.cekarentacar.com\/index.php?rest_route=%2Fwp%2Fv2%2Fmedia&parent=1321"}],"curies":[{"name":"wp","href":"https:\/\/api.w.org\/{rel}","templated":true}]}}